{"id":17086,"date":"2022-04-25T17:51:19","date_gmt":"2022-04-25T15:51:19","guid":{"rendered":"https:\/\/www.ethikos.es\/?page_id=17086"},"modified":"2022-04-25T17:51:19","modified_gmt":"2022-04-25T15:51:19","slug":"mensaje-de-contacto","status":"publish","type":"page","link":"https:\/\/www.ethikos.es\/en\/mensaje-de-contacto\/","title":{"rendered":"Mensaje de contacto"},"content":{"rendered":"<p>[av_two_third first min_height=\u00bb vertical_alignment=&#8217;av-align-top&#8217; space=\u00bb margin=&#8217;0px&#8217; margin_sync=&#8217;true&#8217; padding=&#8217;px,200px,100px,200px&#8217; border=\u00bb border_color=\u00bb radius=&#8217;0px&#8217; radius_sync=&#8217;true&#8217; background_color=\u00bb src=\u00bb attachment=\u00bb attachment_size=\u00bb background_position=&#8217;top left&#8217; background_repeat=&#8217;no-repeat&#8217; animation=\u00bb mobile_breaking=\u00bb mobile_display=\u00bb]<br \/>\n[av_contact email=&#8217;info@ethikos.es&#8217; title=&#8217;Cont\u00e1ctanos&#8217; button=&#8217;Enviar&#8217; on_send=\u00bb sent=&#8217;\u00a1Muchas gracias por tu mensaje!&#8217; link=&#8217;manually,http:\/\/&#8217; subject=\u00bb autorespond=\u00bb captcha=\u00bb form_align=\u00bb color=\u00bb admin_preview_bg=\u00bb]<br \/>\n[av_contact_field label=&#8217;Nombre&#8217; type=&#8217;text&#8217; check=&#8217;is_empty&#8217; options=\u00bb multi_select=\u00bb av_contact_preselect=\u00bb width=\u00bb][\/av_contact_field]<br \/>\n[av_contact_field label=&#8217;Correo electr\u00f3nico&#8217; type=&#8217;text&#8217; check=&#8217;is_email&#8217; options=\u00bb multi_select=\u00bb av_contact_preselect=\u00bb width=\u00bb][\/av_contact_field]<br \/>\n[av_contact_field label=&#8217;Mensaje&#8217; type=&#8217;textarea&#8217; check=&#8217;is_empty&#8217; options=\u00bb multi_select=\u00bb av_contact_preselect=\u00bb width=\u00bb][\/av_contact_field]<br \/>\n[\/av_contact]<br \/>\n[\/av_two_third]<\/p>\n","protected":false},"excerpt":{"rendered":"<p>[av_two_third first min_height=\u00bb vertical_alignment=&#8217;av-align-top&#8217; space=\u00bb margin=&#8217;0px&#8217; margin_sync=&#8217;true&#8217; padding=&#8217;px,200px,100px,200px&#8217; border=\u00bb border_color=\u00bb radius=&#8217;0px&#8217; radius_sync=&#8217;true&#8217; background_color=\u00bb src=\u00bb attachment=\u00bb attachment_size=\u00bb background_position=&#8217;top left&#8217; background_repeat=&#8217;no-repeat&#8217; animation=\u00bb mobile_breaking=\u00bb mobile_display=\u00bb] [av_contact email=&#8217;info@ethikos.es&#8217; title=&#8217;Cont\u00e1ctanos&#8217; button=&#8217;Enviar&#8217; on_send=\u00bb sent=&#8217;\u00a1Muchas gracias por tu mensaje!&#8217; link=&#8217;manually,http:\/\/&#8217; subject=\u00bb autorespond=\u00bb captcha=\u00bb form_align=\u00bb color=\u00bb admin_preview_bg=\u00bb] [av_contact_field label=&#8217;Nombre&#8217; type=&#8217;text&#8217; check=&#8217;is_empty&#8217; options=\u00bb multi_select=\u00bb av_contact_preselect=\u00bb width=\u00bb][\/av_contact_field] [av_contact_field label=&#8217;Correo electr\u00f3nico&#8217; type=&#8217;text&#8217; check=&#8217;is_email&#8217; options=\u00bb multi_select=\u00bb av_contact_preselect=\u00bb [&hellip;]<\/p>\n","protected":false},"author":21,"featured_media":0,"parent":0,"menu_order":0,"comment_status":"closed","ping_status":"closed","template":"","meta":{"_exactmetrics_skip_tracking":false,"_exactmetrics_sitenote_active":false,"_exactmetrics_sitenote_note":"","_exactmetrics_sitenote_category":0,"footnotes":""},"class_list":["post-17086","page","type-page","status-publish","hentry"],"yoast_head":"<!-- This site is optimized with the Yoast SEO plugin v27.4 - https:\/\/yoast.com\/product\/yoast-seo-wordpress\/ -->\n<title>Mensaje de contacto &#8212; Ethikos<\/title>\n<meta name=\"description\" content=\"Mensaje de contacto para obtener m\u00e1s informaci\u00f3n sobre Selecci\u00f3n a trav\u00e9s de los Valores. Manteniendo as\u00ed el talento en la empresa.\" \/>\n<meta name=\"robots\" content=\"index, follow, max-snippet:-1, max-image-preview:large, max-video-preview:-1\" \/>\n<link rel=\"canonical\" href=\"https:\/\/www.ethikos.es\/en\/mensaje-de-contacto\/\" \/>\n<meta property=\"og:locale\" content=\"en_US\" \/>\n<meta property=\"og:type\" content=\"article\" \/>\n<meta property=\"og:title\" content=\"Mensaje de contacto &#8212; Ethikos\" \/>\n<meta property=\"og:description\" content=\"Mensaje de contacto para obtener m\u00e1s informaci\u00f3n sobre Selecci\u00f3n a trav\u00e9s de los Valores. Manteniendo as\u00ed el talento en la empresa.\" \/>\n<meta property=\"og:url\" content=\"https:\/\/www.ethikos.es\/en\/mensaje-de-contacto\/\" \/>\n<meta property=\"og:site_name\" content=\"Ethikos\" \/>\n<meta property=\"article:publisher\" content=\"http:\/\/www.facebook.com\/ethikos.es\/\" \/>\n<meta property=\"og:image\" content=\"https:\/\/www.ethikos.es\/wp-content\/uploads\/2026\/03\/ethikos_og_brand_1200x675-1.png\" \/>\n\t<meta property=\"og:image:width\" content=\"1200\" \/>\n\t<meta property=\"og:image:height\" content=\"675\" \/>\n\t<meta property=\"og:image:type\" content=\"image\/png\" \/>\n<meta name=\"twitter:card\" content=\"summary_large_image\" \/>\n<meta name=\"twitter:site\" content=\"@Ethikos30\" \/>\n<meta name=\"twitter:label1\" content=\"Est. reading time\" \/>\n\t<meta name=\"twitter:data1\" content=\"1 minute\" \/>\n<script type=\"application\/ld+json\" class=\"yoast-schema-graph\">{\"@context\":\"https:\\\/\\\/schema.org\",\"@graph\":[{\"@type\":\"WebPage\",\"@id\":\"https:\\\/\\\/www.ethikos.es\\\/en\\\/mensaje-de-contacto\\\/\",\"url\":\"https:\\\/\\\/www.ethikos.es\\\/en\\\/mensaje-de-contacto\\\/\",\"name\":\"Mensaje de contacto &#8212; Ethikos\",\"isPartOf\":{\"@id\":\"https:\\\/\\\/www.ethikos.es\\\/en\\\/#website\"},\"datePublished\":\"2022-04-25T15:51:19+00:00\",\"description\":\"Mensaje de contacto para obtener m\u00e1s informaci\u00f3n sobre Selecci\u00f3n a trav\u00e9s de los Valores. Manteniendo as\u00ed el talento en la empresa.\",\"breadcrumb\":{\"@id\":\"https:\\\/\\\/www.ethikos.es\\\/en\\\/mensaje-de-contacto\\\/#breadcrumb\"},\"inLanguage\":\"en-US\",\"potentialAction\":[{\"@type\":\"ReadAction\",\"target\":[\"https:\\\/\\\/www.ethikos.es\\\/en\\\/mensaje-de-contacto\\\/\"]}]},{\"@type\":\"BreadcrumbList\",\"@id\":\"https:\\\/\\\/www.ethikos.es\\\/en\\\/mensaje-de-contacto\\\/#breadcrumb\",\"itemListElement\":[{\"@type\":\"ListItem\",\"position\":1,\"name\":\"Portada\",\"item\":\"https:\\\/\\\/www.ethikos.es\\\/\"},{\"@type\":\"ListItem\",\"position\":2,\"name\":\"Mensaje de contacto\"}]},{\"@type\":\"WebSite\",\"@id\":\"https:\\\/\\\/www.ethikos.es\\\/en\\\/#website\",\"url\":\"https:\\\/\\\/www.ethikos.es\\\/en\\\/\",\"name\":\"Ethikos 3.0\",\"description\":\"Ethikos es una consultora de transformaci\u00f3n organizacional especializada en cultura empresarial, liderazgo consciente y selecci\u00f3n por valores.\",\"publisher\":{\"@id\":\"https:\\\/\\\/www.ethikos.es\\\/en\\\/#organization\"},\"alternateName\":\"Ethikos Consultor\u00eda\",\"potentialAction\":[{\"@type\":\"SearchAction\",\"target\":{\"@type\":\"EntryPoint\",\"urlTemplate\":\"https:\\\/\\\/www.ethikos.es\\\/en\\\/?s={search_term_string}\"},\"query-input\":{\"@type\":\"PropertyValueSpecification\",\"valueRequired\":true,\"valueName\":\"search_term_string\"}}],\"inLanguage\":\"en-US\"},{\"@type\":\"Organization\",\"@id\":\"https:\\\/\\\/www.ethikos.es\\\/en\\\/#organization\",\"name\":\"Ethikos 3.0\",\"url\":\"https:\\\/\\\/www.ethikos.es\\\/en\\\/\",\"logo\":{\"@type\":\"ImageObject\",\"inLanguage\":\"en-US\",\"@id\":\"https:\\\/\\\/www.ethikos.es\\\/en\\\/#\\\/schema\\\/logo\\\/image\\\/\",\"url\":\"https:\\\/\\\/www.ethikos.es\\\/wp-content\\\/uploads\\\/2019\\\/01\\\/43606559961_5f343a820a_o.png\",\"contentUrl\":\"https:\\\/\\\/www.ethikos.es\\\/wp-content\\\/uploads\\\/2019\\\/01\\\/43606559961_5f343a820a_o.png\",\"width\":646,\"height\":218,\"caption\":\"Ethikos 3.0\"},\"image\":{\"@id\":\"https:\\\/\\\/www.ethikos.es\\\/en\\\/#\\\/schema\\\/logo\\\/image\\\/\"},\"sameAs\":[\"http:\\\/\\\/www.facebook.com\\\/ethikos.es\\\/\",\"https:\\\/\\\/x.com\\\/Ethikos30\",\"https:\\\/\\\/www.instagram.com\\\/ethikos_3.0\\\/\",\"https:\\\/\\\/www.linkedin.com\\\/company\\\/ethikos-3-0\\\/\"]}]}<\/script>\n<!-- \/ Yoast SEO plugin. -->","yoast_head_json":{"title":"Mensaje de contacto &#8212; Ethikos","description":"Mensaje de contacto para obtener m\u00e1s informaci\u00f3n sobre Selecci\u00f3n a trav\u00e9s de los Valores. Manteniendo as\u00ed el talento en la empresa.","robots":{"index":"index","follow":"follow","max-snippet":"max-snippet:-1","max-image-preview":"max-image-preview:large","max-video-preview":"max-video-preview:-1"},"canonical":"https:\/\/www.ethikos.es\/en\/mensaje-de-contacto\/","og_locale":"en_US","og_type":"article","og_title":"Mensaje de contacto &#8212; Ethikos","og_description":"Mensaje de contacto para obtener m\u00e1s informaci\u00f3n sobre Selecci\u00f3n a trav\u00e9s de los Valores. Manteniendo as\u00ed el talento en la empresa.","og_url":"https:\/\/www.ethikos.es\/en\/mensaje-de-contacto\/","og_site_name":"Ethikos","article_publisher":"http:\/\/www.facebook.com\/ethikos.es\/","og_image":[{"width":1200,"height":675,"url":"https:\/\/www.ethikos.es\/wp-content\/uploads\/2026\/03\/ethikos_og_brand_1200x675-1.png","type":"image\/png"}],"twitter_card":"summary_large_image","twitter_site":"@Ethikos30","twitter_misc":{"Est. reading time":"1 minute"},"schema":{"@context":"https:\/\/schema.org","@graph":[{"@type":"WebPage","@id":"https:\/\/www.ethikos.es\/en\/mensaje-de-contacto\/","url":"https:\/\/www.ethikos.es\/en\/mensaje-de-contacto\/","name":"Mensaje de contacto &#8212; Ethikos","isPartOf":{"@id":"https:\/\/www.ethikos.es\/en\/#website"},"datePublished":"2022-04-25T15:51:19+00:00","description":"Mensaje de contacto para obtener m\u00e1s informaci\u00f3n sobre Selecci\u00f3n a trav\u00e9s de los Valores. Manteniendo as\u00ed el talento en la empresa.","breadcrumb":{"@id":"https:\/\/www.ethikos.es\/en\/mensaje-de-contacto\/#breadcrumb"},"inLanguage":"en-US","potentialAction":[{"@type":"ReadAction","target":["https:\/\/www.ethikos.es\/en\/mensaje-de-contacto\/"]}]},{"@type":"BreadcrumbList","@id":"https:\/\/www.ethikos.es\/en\/mensaje-de-contacto\/#breadcrumb","itemListElement":[{"@type":"ListItem","position":1,"name":"Portada","item":"https:\/\/www.ethikos.es\/"},{"@type":"ListItem","position":2,"name":"Mensaje de contacto"}]},{"@type":"WebSite","@id":"https:\/\/www.ethikos.es\/en\/#website","url":"https:\/\/www.ethikos.es\/en\/","name":"Ethikos 3.0","description":"Ethikos es una consultora de transformaci\u00f3n organizacional especializada en cultura empresarial, liderazgo consciente y selecci\u00f3n por valores.","publisher":{"@id":"https:\/\/www.ethikos.es\/en\/#organization"},"alternateName":"Ethikos Consultor\u00eda","potentialAction":[{"@type":"SearchAction","target":{"@type":"EntryPoint","urlTemplate":"https:\/\/www.ethikos.es\/en\/?s={search_term_string}"},"query-input":{"@type":"PropertyValueSpecification","valueRequired":true,"valueName":"search_term_string"}}],"inLanguage":"en-US"},{"@type":"Organization","@id":"https:\/\/www.ethikos.es\/en\/#organization","name":"Ethikos 3.0","url":"https:\/\/www.ethikos.es\/en\/","logo":{"@type":"ImageObject","inLanguage":"en-US","@id":"https:\/\/www.ethikos.es\/en\/#\/schema\/logo\/image\/","url":"https:\/\/www.ethikos.es\/wp-content\/uploads\/2019\/01\/43606559961_5f343a820a_o.png","contentUrl":"https:\/\/www.ethikos.es\/wp-content\/uploads\/2019\/01\/43606559961_5f343a820a_o.png","width":646,"height":218,"caption":"Ethikos 3.0"},"image":{"@id":"https:\/\/www.ethikos.es\/en\/#\/schema\/logo\/image\/"},"sameAs":["http:\/\/www.facebook.com\/ethikos.es\/","https:\/\/x.com\/Ethikos30","https:\/\/www.instagram.com\/ethikos_3.0\/","https:\/\/www.linkedin.com\/company\/ethikos-3-0\/"]}]}},"_links":{"self":[{"href":"https:\/\/www.ethikos.es\/en\/wp-json\/wp\/v2\/pages\/17086","targetHints":{"allow":["GET"]}}],"collection":[{"href":"https:\/\/www.ethikos.es\/en\/wp-json\/wp\/v2\/pages"}],"about":[{"href":"https:\/\/www.ethikos.es\/en\/wp-json\/wp\/v2\/types\/page"}],"author":[{"embeddable":true,"href":"https:\/\/www.ethikos.es\/en\/wp-json\/wp\/v2\/users\/21"}],"replies":[{"embeddable":true,"href":"https:\/\/www.ethikos.es\/en\/wp-json\/wp\/v2\/comments?post=17086"}],"version-history":[{"count":0,"href":"https:\/\/www.ethikos.es\/en\/wp-json\/wp\/v2\/pages\/17086\/revisions"}],"wp:attachment":[{"href":"https:\/\/www.ethikos.es\/en\/wp-json\/wp\/v2\/media?parent=17086"}],"curies":[{"name":"wp","href":"https:\/\/api.w.org\/{rel}","templated":true}]}}