{"id":21984,"date":"2024-03-25T10:19:52","date_gmt":"2024-03-25T09:19:52","guid":{"rendered":"https:\/\/www.ethikos.es\/?page_id=21984"},"modified":"2024-03-25T10:20:56","modified_gmt":"2024-03-25T09:20:56","slug":"guia-evaluacion-de-desempeno","status":"publish","type":"page","link":"https:\/\/www.ethikos.es\/en\/guia-evaluacion-de-desempeno\/","title":{"rendered":"Gu\u00eda Gratuita Evaluaci\u00f3n de Desempe\u00f1o"},"content":{"rendered":"<p>[av_section min_height=\u00bb min_height_px=&#8217;500px&#8217; padding=&#8217;default&#8217; shadow=&#8217;no-shadow&#8217; bottom_border=&#8217;no-border-styling&#8217; scroll_down=\u00bb id=\u00bb color=&#8217;main_color&#8217; custom_bg=\u00bb src=\u00bb attach=&#8217;scroll&#8217; position=&#8217;top left&#8217; repeat=&#8217;no-repeat&#8217; video=\u00bb video_ratio=&#8217;16:9&#8242; video_mobile_disabled=\u00bb overlay_enable=\u00bb overlay_opacity=&#8217;0.5&#8242; overlay_color=\u00bb overlay_pattern=\u00bb overlay_custom_pattern=\u00bb av_uid=&#8217;av-4jqxfw5&#8242;]<\/p>\n<p>[av_three_fifth first min_height=\u00bb vertical_alignment=\u00bb space=\u00bb custom_margin=\u00bb margin=&#8217;0px&#8217; padding=&#8217;0px&#8217; border=\u00bb border_color=\u00bb radius=&#8217;0px&#8217; background_color=\u00bb src=\u00bb background_position=&#8217;top left&#8217; background_repeat=&#8217;no-repeat&#8217; animation=\u00bb mobile_breaking=\u00bb mobile_display=\u00bb]<\/p>\n<p>[av_hr class=&#8217;invisible&#8217; height=&#8217;100&#8242; shadow=&#8217;no-shadow&#8217; position=&#8217;center&#8217; custom_border=&#8217;av-border-thin&#8217; custom_width=&#8217;50px&#8217; custom_border_color=\u00bb custom_margin_top=&#8217;30px&#8217; custom_margin_bottom=&#8217;30px&#8217; icon_select=&#8217;yes&#8217; custom_icon_color=\u00bb icon=&#8217;ue808&#8242; font=&#8217;entypo-fontello&#8217; admin_preview_bg=\u00bb]<\/p>\n<p>[av_heading tag=&#8217;h2&#8242; padding=&#8217;15&#8217; heading=&#8217;Descarga la gu\u00eda completa &#8216; color=\u00bb style=\u00bb custom_font=\u00bb size=\u00bb subheading_active=\u00bb subheading_size=&#8217;15&#8217; custom_class=\u00bb admin_preview_bg=\u00bb av-desktop-hide=\u00bb av-medium-hide=\u00bb av-small-hide=\u00bb av-mini-hide=\u00bb av-medium-font-size-title=\u00bb av-small-font-size-title=\u00bb av-mini-font-size-title=\u00bb av-medium-font-size=\u00bb av-small-font-size=\u00bb av-mini-font-size=\u00bb][\/av_heading]<\/p>\n<p>[av_hr class=&#8217;invisible&#8217; height=&#8217;100&#8242; shadow=&#8217;no-shadow&#8217; position=&#8217;center&#8217; custom_border=&#8217;av-border-thin&#8217; custom_width=&#8217;50px&#8217; custom_border_color=\u00bb custom_margin_top=&#8217;30px&#8217; custom_margin_bottom=&#8217;30px&#8217; icon_select=&#8217;yes&#8217; custom_icon_color=\u00bb icon=&#8217;ue808&#8242; font=&#8217;entypo-fontello&#8217; admin_preview_bg=\u00bb]<\/p>\n<p>[\/av_three_fifth][av_three_fifth first min_height=\u00bb vertical_alignment=\u00bb space=\u00bb custom_margin=\u00bb margin=&#8217;0px&#8217; padding=&#8217;0px&#8217; border=\u00bb border_color=\u00bb radius=&#8217;0px&#8217; background_color=\u00bb src=\u00bb background_position=&#8217;top left&#8217; background_repeat=&#8217;no-repeat&#8217; animation=\u00bb mobile_breaking=\u00bb mobile_display=\u00bb]<\/p>\n<p>[av_contact email=&#8217;info@ethikos.es&#8217; title=\u00bb button=&#8217;Descargar la gu\u00eda gratuita&#8217; on_send=&#8217;redirect&#8217; sent=&#8217;\u00a1Gracias! Esperamos &#8216; link=&#8217;manually,https:\/\/www.ethikos.es\/wp-content\/uploads\/2024\/03\/Guia-evaluacion-de-desempeno.pdf&#8217; subject=&#8217;Gu\u00eda gratuita Evaluaci\u00f3n de Desempe\u00f1o&#8217; autorespond=&#8217;\u00a1Genial! Ya tienes en tu poder la gu\u00eda gratuita sobre Evaluaci\u00f3n de Desempe\u00f1o.<\/p>\n<p>Cualquier duda, puedes encontrarnos en: info@ethikos.es&#8217; captcha=&#8217;active&#8217; form_align=\u00bb color=\u00bb admin_preview_bg=\u00bb]<br \/>\n[av_contact_field label=&#8217;Nombre y apellidos&#8217; type=&#8217;text&#8217; options=\u00bb check=&#8217;is_empty&#8217; width=&#8217;element_half&#8217; multi_select=\u00bb av_contact_preselect=\u00bb][\/av_contact_field]<br \/>\n[av_contact_field label=&#8217;E-mail corporativo&#8217; type=&#8217;text&#8217; options=\u00bb check=&#8217;is_email&#8217; width=&#8217;element_half&#8217; multi_select=\u00bb av_contact_preselect=\u00bb][\/av_contact_field]<br \/>\n[av_contact_field label=&#8217;Nombre de la empresa&#8217; type=&#8217;text&#8217; options=\u00bb check=&#8217;is_empty&#8217; width=\u00bb multi_select=\u00bb av_contact_preselect=\u00bb][\/av_contact_field]<br \/>\n[av_contact_field label=&#8217;Acepto la <a href=\"https:\/\/www.ethikos.es\/politica-de-privacidad-y-proteccion-de-datos\/\" target=\"_blank\" rel=\"noopener\">Pol\u00edtica de Privacidad<\/a>&#8216; type=&#8217;checkbox&#8217; options=\u00bb check=&#8217;is_empty&#8217; width=\u00bb multi_select=\u00bb av_contact_preselect=\u00bb][\/av_contact_field]<br \/>\n[\/av_contact]<\/p>\n<p>[\/av_three_fifth][av_two_fifth min_height=\u00bb vertical_alignment=&#8217;av-align-top&#8217; space=\u00bb margin=&#8217;0px&#8217; margin_sync=&#8217;true&#8217; padding=&#8217;0px&#8217; padding_sync=&#8217;true&#8217; border=\u00bb border_color=\u00bb radius=&#8217;0px&#8217; radius_sync=&#8217;true&#8217; background_color=&#8217;#ffffff&#8217; src=\u00bb attachment=\u00bb attachment_size=\u00bb background_position=&#8217;top left&#8217; background_repeat=&#8217;no-repeat&#8217; animation=\u00bb mobile_breaking=\u00bb mobile_display=\u00bb]<\/p>\n<p>[av_image src=&#8217;https:\/\/www.ethikos.es\/wp-content\/uploads\/2024\/03\/guia-gratuita-evaluacion-de-desempeno-300&#215;169.png&#8217; attachment=&#8217;21990&#8242; attachment_size=&#8217;medium&#8217; align=&#8217;left&#8217; styling=\u00bb hover=\u00bb link=\u00bb target=\u00bb caption=\u00bb font_size=\u00bb appearance=\u00bb overlay_opacity=&#8217;0.4&#8242; overlay_color=&#8217;#000000&#8242; overlay_text_color=&#8217;#ffffff&#8217; animation=&#8217;no-animation&#8217; admin_preview_bg=\u00bb][\/av_image]<\/p>\n<p>[\/av_two_fifth][\/av_section][av_one_third first min_height=\u00bb vertical_alignment=\u00bb space=\u00bb custom_margin=\u00bb margin=&#8217;0px&#8217; padding=&#8217;0px&#8217; border=\u00bb border_color=\u00bb radius=&#8217;0px&#8217; background_color=\u00bb src=\u00bb background_position=&#8217;top left&#8217; background_repeat=&#8217;no-repeat&#8217; animation=\u00bb mobile_breaking=\u00bb mobile_display=\u00bb]<br \/>\n[av_textblock size=\u00bb font_color=\u00bb color=\u00bb av-medium-font-size=\u00bb av-small-font-size=\u00bb av-mini-font-size=\u00bb admin_preview_bg=\u00bb]<\/p>\n<h2>Si quieres saber un poco m\u00e1s no te pierdas estos art\u00edculos<\/h2>\n<p>[\/av_textblock]<br \/>\n[\/av_one_third]<\/p>\n<p>[av_one_fourth min_height=\u00bb vertical_alignment=\u00bb space=\u00bb custom_margin=\u00bb margin=&#8217;0px&#8217; padding=&#8217;0px&#8217; border=\u00bb border_color=\u00bb radius=&#8217;0px&#8217; background_color=\u00bb src=\u00bb background_position=&#8217;top left&#8217; background_repeat=&#8217;no-repeat&#8217; animation=\u00bb mobile_breaking=\u00bb mobile_display=\u00bb]<br \/>\n[av_blog blog_type=&#8217;posts&#8217; categories=&#8217;140&#8242; link=&#8217;category&#8217; blog_style=&#8217;single-big&#8217; columns=&#8217;3&#8242; contents=&#8217;excerpt&#8217; content_length=&#8217;excerpt_read_more&#8217; preview_mode=&#8217;auto&#8217; image_size=&#8217;portfolio&#8217; items=&#8217;1&#8242; offset=&#8217;no_duplicates&#8217; paginate=&#8217;no&#8217; conditional=\u00bb]<br \/>\n[\/av_one_fourth]<\/p>\n<p>[av_one_fourth min_height=\u00bb vertical_alignment=\u00bb space=\u00bb custom_margin=\u00bb margin=&#8217;0px&#8217; padding=&#8217;0px&#8217; border=\u00bb border_color=\u00bb radius=&#8217;0px&#8217; background_color=\u00bb src=\u00bb background_position=&#8217;top left&#8217; background_repeat=&#8217;no-repeat&#8217; animation=\u00bb mobile_breaking=\u00bb mobile_display=\u00bb]<br \/>\n[av_blog blog_type=&#8217;posts&#8217; categories=&#8217;700&#8242; link=&#8217;category&#8217; blog_style=&#8217;single-big&#8217; columns=&#8217;3&#8242; contents=&#8217;excerpt&#8217; content_length=&#8217;excerpt_read_more&#8217; preview_mode=&#8217;auto&#8217; image_size=&#8217;portfolio&#8217; items=&#8217;1&#8242; offset=&#8217;no_duplicates&#8217; paginate=&#8217;no&#8217; conditional=\u00bb]<br \/>\n[\/av_one_fourth]<\/p>\n","protected":false},"excerpt":{"rendered":"<p>[av_section min_height=\u00bb min_height_px=&#8217;500px&#8217; padding=&#8217;default&#8217; shadow=&#8217;no-shadow&#8217; bottom_border=&#8217;no-border-styling&#8217; scroll_down=\u00bb id=\u00bb color=&#8217;main_color&#8217; custom_bg=\u00bb src=\u00bb attach=&#8217;scroll&#8217; position=&#8217;top left&#8217; repeat=&#8217;no-repeat&#8217; video=\u00bb video_ratio=&#8217;16:9&#8242; video_mobile_disabled=\u00bb overlay_enable=\u00bb overlay_opacity=&#8217;0.5&#8242; overlay_color=\u00bb overlay_pattern=\u00bb overlay_custom_pattern=\u00bb av_uid=&#8217;av-4jqxfw5&#8242;] [av_three_fifth first min_height=\u00bb vertical_alignment=\u00bb space=\u00bb custom_margin=\u00bb margin=&#8217;0px&#8217; padding=&#8217;0px&#8217; border=\u00bb border_color=\u00bb radius=&#8217;0px&#8217; background_color=\u00bb src=\u00bb background_position=&#8217;top left&#8217; background_repeat=&#8217;no-repeat&#8217; animation=\u00bb mobile_breaking=\u00bb mobile_display=\u00bb] [av_hr class=&#8217;invisible&#8217; height=&#8217;100&#8242; shadow=&#8217;no-shadow&#8217; position=&#8217;center&#8217; custom_border=&#8217;av-border-thin&#8217; custom_width=&#8217;50px&#8217; custom_border_color=\u00bb custom_margin_top=&#8217;30px&#8217; custom_margin_bottom=&#8217;30px&#8217; icon_select=&#8217;yes&#8217; custom_icon_color=\u00bb [&hellip;]<\/p>\n","protected":false},"author":25,"featured_media":0,"parent":0,"menu_order":0,"comment_status":"closed","ping_status":"closed","template":"","meta":{"_exactmetrics_skip_tracking":false,"_exactmetrics_sitenote_active":false,"_exactmetrics_sitenote_note":"","_exactmetrics_sitenote_category":0,"footnotes":""},"class_list":["post-21984","page","type-page","status-publish","hentry"],"yoast_head":"<!-- This site is optimized with the Yoast SEO plugin v27.5 - https:\/\/yoast.com\/product\/yoast-seo-wordpress\/ -->\n<title>Gu\u00eda gratuita para evaluaciones de desempe\u00f1o<\/title>\n<meta name=\"description\" content=\"Descarga aqu\u00ed la gu\u00eda gratuita para realizar evaluaciones de desempe\u00f1o dentro de tu organizaci\u00f3n.\" \/>\n<meta name=\"robots\" content=\"index, follow, max-snippet:-1, max-image-preview:large, max-video-preview:-1\" \/>\n<link rel=\"canonical\" href=\"https:\/\/www.ethikos.es\/en\/guia-evaluacion-de-desempeno\/\" \/>\n<meta property=\"og:locale\" content=\"en_US\" \/>\n<meta property=\"og:type\" content=\"article\" \/>\n<meta property=\"og:title\" content=\"Gu\u00eda gratuita para evaluaciones de desempe\u00f1o\" \/>\n<meta property=\"og:description\" content=\"Descarga aqu\u00ed la gu\u00eda gratuita para realizar evaluaciones de desempe\u00f1o dentro de tu organizaci\u00f3n.\" \/>\n<meta property=\"og:url\" content=\"https:\/\/www.ethikos.es\/en\/guia-evaluacion-de-desempeno\/\" \/>\n<meta property=\"og:site_name\" content=\"Ethikos\" \/>\n<meta property=\"article:publisher\" content=\"http:\/\/www.facebook.com\/ethikos.es\/\" \/>\n<meta property=\"article:modified_time\" content=\"2024-03-25T09:20:56+00:00\" \/>\n<meta property=\"og:image\" content=\"https:\/\/www.ethikos.es\/wp-content\/uploads\/2026\/03\/ethikos_og_brand_1200x675-1.png\" \/>\n\t<meta property=\"og:image:width\" content=\"1200\" \/>\n\t<meta property=\"og:image:height\" content=\"675\" \/>\n\t<meta property=\"og:image:type\" content=\"image\/png\" \/>\n<meta name=\"twitter:card\" content=\"summary_large_image\" \/>\n<meta name=\"twitter:site\" content=\"@Ethikos30\" \/>\n<meta name=\"twitter:label1\" content=\"Est. reading time\" \/>\n\t<meta name=\"twitter:data1\" content=\"1 minute\" \/>\n<script type=\"application\/ld+json\" class=\"yoast-schema-graph\">{\"@context\":\"https:\\\/\\\/schema.org\",\"@graph\":[{\"@type\":\"WebPage\",\"@id\":\"https:\\\/\\\/www.ethikos.es\\\/en\\\/guia-evaluacion-de-desempeno\\\/\",\"url\":\"https:\\\/\\\/www.ethikos.es\\\/en\\\/guia-evaluacion-de-desempeno\\\/\",\"name\":\"Gu\u00eda gratuita para evaluaciones de desempe\u00f1o\",\"isPartOf\":{\"@id\":\"https:\\\/\\\/www.ethikos.es\\\/en\\\/#website\"},\"datePublished\":\"2024-03-25T09:19:52+00:00\",\"dateModified\":\"2024-03-25T09:20:56+00:00\",\"description\":\"Descarga aqu\u00ed la gu\u00eda gratuita para realizar evaluaciones de desempe\u00f1o dentro de tu organizaci\u00f3n.\",\"breadcrumb\":{\"@id\":\"https:\\\/\\\/www.ethikos.es\\\/en\\\/guia-evaluacion-de-desempeno\\\/#breadcrumb\"},\"inLanguage\":\"en-US\",\"potentialAction\":[{\"@type\":\"ReadAction\",\"target\":[\"https:\\\/\\\/www.ethikos.es\\\/en\\\/guia-evaluacion-de-desempeno\\\/\"]}]},{\"@type\":\"BreadcrumbList\",\"@id\":\"https:\\\/\\\/www.ethikos.es\\\/en\\\/guia-evaluacion-de-desempeno\\\/#breadcrumb\",\"itemListElement\":[{\"@type\":\"ListItem\",\"position\":1,\"name\":\"Portada\",\"item\":\"https:\\\/\\\/www.ethikos.es\\\/\"},{\"@type\":\"ListItem\",\"position\":2,\"name\":\"Gu\u00eda Gratuita Evaluaci\u00f3n de Desempe\u00f1o\"}]},{\"@type\":\"WebSite\",\"@id\":\"https:\\\/\\\/www.ethikos.es\\\/en\\\/#website\",\"url\":\"https:\\\/\\\/www.ethikos.es\\\/en\\\/\",\"name\":\"Ethikos 3.0\",\"description\":\"Ethikos es una consultora de transformaci\u00f3n organizacional especializada en cultura empresarial, liderazgo consciente y selecci\u00f3n por valores.\",\"publisher\":{\"@id\":\"https:\\\/\\\/www.ethikos.es\\\/en\\\/#organization\"},\"alternateName\":\"Ethikos Consultor\u00eda\",\"potentialAction\":[{\"@type\":\"SearchAction\",\"target\":{\"@type\":\"EntryPoint\",\"urlTemplate\":\"https:\\\/\\\/www.ethikos.es\\\/en\\\/?s={search_term_string}\"},\"query-input\":{\"@type\":\"PropertyValueSpecification\",\"valueRequired\":true,\"valueName\":\"search_term_string\"}}],\"inLanguage\":\"en-US\"},{\"@type\":\"Organization\",\"@id\":\"https:\\\/\\\/www.ethikos.es\\\/en\\\/#organization\",\"name\":\"Ethikos 3.0\",\"url\":\"https:\\\/\\\/www.ethikos.es\\\/en\\\/\",\"logo\":{\"@type\":\"ImageObject\",\"inLanguage\":\"en-US\",\"@id\":\"https:\\\/\\\/www.ethikos.es\\\/en\\\/#\\\/schema\\\/logo\\\/image\\\/\",\"url\":\"https:\\\/\\\/www.ethikos.es\\\/wp-content\\\/uploads\\\/2019\\\/01\\\/43606559961_5f343a820a_o.png\",\"contentUrl\":\"https:\\\/\\\/www.ethikos.es\\\/wp-content\\\/uploads\\\/2019\\\/01\\\/43606559961_5f343a820a_o.png\",\"width\":646,\"height\":218,\"caption\":\"Ethikos 3.0\"},\"image\":{\"@id\":\"https:\\\/\\\/www.ethikos.es\\\/en\\\/#\\\/schema\\\/logo\\\/image\\\/\"},\"sameAs\":[\"http:\\\/\\\/www.facebook.com\\\/ethikos.es\\\/\",\"https:\\\/\\\/x.com\\\/Ethikos30\",\"https:\\\/\\\/www.instagram.com\\\/ethikos_3.0\\\/\",\"https:\\\/\\\/www.linkedin.com\\\/company\\\/ethikos-3-0\\\/\"]}]}<\/script>\n<!-- \/ Yoast SEO plugin. -->","yoast_head_json":{"title":"Gu\u00eda gratuita para evaluaciones de desempe\u00f1o","description":"Descarga aqu\u00ed la gu\u00eda gratuita para realizar evaluaciones de desempe\u00f1o dentro de tu organizaci\u00f3n.","robots":{"index":"index","follow":"follow","max-snippet":"max-snippet:-1","max-image-preview":"max-image-preview:large","max-video-preview":"max-video-preview:-1"},"canonical":"https:\/\/www.ethikos.es\/en\/guia-evaluacion-de-desempeno\/","og_locale":"en_US","og_type":"article","og_title":"Gu\u00eda gratuita para evaluaciones de desempe\u00f1o","og_description":"Descarga aqu\u00ed la gu\u00eda gratuita para realizar evaluaciones de desempe\u00f1o dentro de tu organizaci\u00f3n.","og_url":"https:\/\/www.ethikos.es\/en\/guia-evaluacion-de-desempeno\/","og_site_name":"Ethikos","article_publisher":"http:\/\/www.facebook.com\/ethikos.es\/","article_modified_time":"2024-03-25T09:20:56+00:00","og_image":[{"width":1200,"height":675,"url":"https:\/\/www.ethikos.es\/wp-content\/uploads\/2026\/03\/ethikos_og_brand_1200x675-1.png","type":"image\/png"}],"twitter_card":"summary_large_image","twitter_site":"@Ethikos30","twitter_misc":{"Est. reading time":"1 minute"},"schema":{"@context":"https:\/\/schema.org","@graph":[{"@type":"WebPage","@id":"https:\/\/www.ethikos.es\/en\/guia-evaluacion-de-desempeno\/","url":"https:\/\/www.ethikos.es\/en\/guia-evaluacion-de-desempeno\/","name":"Gu\u00eda gratuita para evaluaciones de desempe\u00f1o","isPartOf":{"@id":"https:\/\/www.ethikos.es\/en\/#website"},"datePublished":"2024-03-25T09:19:52+00:00","dateModified":"2024-03-25T09:20:56+00:00","description":"Descarga aqu\u00ed la gu\u00eda gratuita para realizar evaluaciones de desempe\u00f1o dentro de tu organizaci\u00f3n.","breadcrumb":{"@id":"https:\/\/www.ethikos.es\/en\/guia-evaluacion-de-desempeno\/#breadcrumb"},"inLanguage":"en-US","potentialAction":[{"@type":"ReadAction","target":["https:\/\/www.ethikos.es\/en\/guia-evaluacion-de-desempeno\/"]}]},{"@type":"BreadcrumbList","@id":"https:\/\/www.ethikos.es\/en\/guia-evaluacion-de-desempeno\/#breadcrumb","itemListElement":[{"@type":"ListItem","position":1,"name":"Portada","item":"https:\/\/www.ethikos.es\/"},{"@type":"ListItem","position":2,"name":"Gu\u00eda Gratuita Evaluaci\u00f3n de Desempe\u00f1o"}]},{"@type":"WebSite","@id":"https:\/\/www.ethikos.es\/en\/#website","url":"https:\/\/www.ethikos.es\/en\/","name":"Ethikos 3.0","description":"Ethikos es una consultora de transformaci\u00f3n organizacional especializada en cultura empresarial, liderazgo consciente y selecci\u00f3n por valores.","publisher":{"@id":"https:\/\/www.ethikos.es\/en\/#organization"},"alternateName":"Ethikos Consultor\u00eda","potentialAction":[{"@type":"SearchAction","target":{"@type":"EntryPoint","urlTemplate":"https:\/\/www.ethikos.es\/en\/?s={search_term_string}"},"query-input":{"@type":"PropertyValueSpecification","valueRequired":true,"valueName":"search_term_string"}}],"inLanguage":"en-US"},{"@type":"Organization","@id":"https:\/\/www.ethikos.es\/en\/#organization","name":"Ethikos 3.0","url":"https:\/\/www.ethikos.es\/en\/","logo":{"@type":"ImageObject","inLanguage":"en-US","@id":"https:\/\/www.ethikos.es\/en\/#\/schema\/logo\/image\/","url":"https:\/\/www.ethikos.es\/wp-content\/uploads\/2019\/01\/43606559961_5f343a820a_o.png","contentUrl":"https:\/\/www.ethikos.es\/wp-content\/uploads\/2019\/01\/43606559961_5f343a820a_o.png","width":646,"height":218,"caption":"Ethikos 3.0"},"image":{"@id":"https:\/\/www.ethikos.es\/en\/#\/schema\/logo\/image\/"},"sameAs":["http:\/\/www.facebook.com\/ethikos.es\/","https:\/\/x.com\/Ethikos30","https:\/\/www.instagram.com\/ethikos_3.0\/","https:\/\/www.linkedin.com\/company\/ethikos-3-0\/"]}]}},"_links":{"self":[{"href":"https:\/\/www.ethikos.es\/en\/wp-json\/wp\/v2\/pages\/21984","targetHints":{"allow":["GET"]}}],"collection":[{"href":"https:\/\/www.ethikos.es\/en\/wp-json\/wp\/v2\/pages"}],"about":[{"href":"https:\/\/www.ethikos.es\/en\/wp-json\/wp\/v2\/types\/page"}],"author":[{"embeddable":true,"href":"https:\/\/www.ethikos.es\/en\/wp-json\/wp\/v2\/users\/25"}],"replies":[{"embeddable":true,"href":"https:\/\/www.ethikos.es\/en\/wp-json\/wp\/v2\/comments?post=21984"}],"version-history":[{"count":0,"href":"https:\/\/www.ethikos.es\/en\/wp-json\/wp\/v2\/pages\/21984\/revisions"}],"wp:attachment":[{"href":"https:\/\/www.ethikos.es\/en\/wp-json\/wp\/v2\/media?parent=21984"}],"curies":[{"name":"wp","href":"https:\/\/api.w.org\/{rel}","templated":true}]}}