{"id":4663,"date":"2018-05-24T21:33:25","date_gmt":"2018-05-24T19:33:25","guid":{"rendered":"https:\/\/www.ethikos.es\/?page_id=4663"},"modified":"2023-07-09T20:32:42","modified_gmt":"2023-07-09T18:32:42","slug":"politica-de-privacidad-y-proteccion-de-datos","status":"publish","type":"page","link":"https:\/\/www.ethikos.es\/en\/politica-de-privacidad-y-proteccion-de-datos\/","title":{"rendered":"Pol\u00edtica de Privacidad y Protecci\u00f3n de Datos"},"content":{"rendered":"<p>[av_heading heading=&#8217;POL\u00cdTICA DE PRIVACIDAD Y PROTECI\u00d3N DE DATOS&#8217; tag=&#8217;h3&#8242; style=\u00bb size=\u00bb subheading_active=\u00bb subheading_size=&#8217;15&#8217; padding=&#8217;10&#8217; color=\u00bb custom_font=\u00bb av-medium-font-size-title=\u00bb av-small-font-size-title=\u00bb av-mini-font-size-title=\u00bb av-medium-font-size=\u00bb av-small-font-size=\u00bb av-mini-font-size=\u00bb admin_preview_bg=\u00bb][\/av_heading]<\/p>\n<p>[av_textblock size=\u00bb font_color=\u00bb color=\u00bb av-medium-font-size=\u00bb av-small-font-size=\u00bb av-mini-font-size=\u00bb admin_preview_bg=\u00bb]<\/p>\n<div class=\"post-entry post-entry-type-page post-entry-194\">\n<div class=\"entry-content-wrapper clearfix\">\n<section class=\"av_textblock_section \">\n<div class=\"avia_textblock \">\n<p>La presente Pol\u00edtica de Privacidad y Protecci\u00f3n de Datos forma parte integrante de las Condiciones de Uso de la p\u00e1gina web www.ethikos.es (en adelante \u201cel Portal\u201d).<\/p>\n<ol>\n<li>Finalidad del tratamiento de Datos Personales:\n<ul>\n<li>Para acceder a determinadas funcionalidades del Portal, como recibir informaci\u00f3n o solicitar alguna consulta legal es necesario que nos facilite sus datos personales y as\u00ed beneficiarse de todas las prerrogativas como Usuario registrado. Al incluir de forma voluntaria dicha informaci\u00f3n nos garantiza que los datos que nos proporciona responden a su verdadera identidad y que son actuales y completos en el momento en que nos los proporciona.<\/li>\n<li>En cumplimiento de lo dispuesto en la normativa vigente en materia de protecci\u00f3n de datos, ETHIKOS 3.0, con domicilio social en El Masnou -08320- calle Juan Carlos I, 4, le informa que los datos personales facilitados voluntariamente por usted a trav\u00e9s de esta p\u00e1gina web, ser\u00e1n tratados con la m\u00e1xima confidencialidad por ETHIKOS 3.0, en calidad de Responsable del Tratamiento, con el fin de gestionar la relaci\u00f3n con sus clientes y promocionar las actividades del Despacho o solicitar alguna consulta legal.<\/li>\n<\/ul>\n<\/li>\n<\/ol>\n<ol start=\"2\">\n<li>Legitimaci\u00f3n para el uso de sus datos personales:\n<ul>\n<li>Los datos personales son facilitados voluntariamente por el Usuario a trav\u00e9s del formulario web de contacto, por lo que contamos con su consentimiento para su tratamiento.<\/li>\n<li>El Usuario garantiza que sus datos personales aportados son verdaderos, exactos, completos y actualizados, siendo el Usuario el \u00fanico responsable de cualquier da\u00f1o o perjuicio, directo o indirecto, que pudiera ocasionarse como consecuencia del incumplimiento de tal obligaci\u00f3n.<\/li>\n<li>En el caso de que los datos aportados por un Usuario pertenecieran a un tercero distinto de quien facilita los datos, el Usuario deber\u00e1 informar al tercero de los aspectos contenidos en esta Pol\u00edtica de Privacidad y obtener su autorizaci\u00f3n para facilitar sus datos a ETHIKOS 3.0.<\/li>\n<\/ul>\n<\/li>\n<\/ol>\n<ol start=\"3\">\n<li>Sus datos personales no se ceder\u00e1n a terceros, salvo imperativo legal.<\/li>\n<\/ol>\n<ol start=\"4\">\n<li>Derechos del interesado en el tratamiento de sus datos personales:<\/li>\n<\/ol>\n<p>El Usuario tiene reconocidos los derechos de acceso, rectificaci\u00f3n, cancelaci\u00f3n y oposici\u00f3n (A.R.C.O.) as\u00ed como los derechos a la portabilidad, oposici\u00f3n y limitaci\u00f3n de sus datos personales, los cuales podr\u00e1 ejercitar dirigiendo una comunicaci\u00f3n por correo electr\u00f3nico a la direcci\u00f3n de ETHIKOS 3.0 <a href=\"mailto:info@ethikos.es\">info@ethikos.es<\/a> o bien mediante carta dirigida a nuestras oficinas sitas en El Masnou -08320- calle Juan Carlos I, 4.<\/p>\n<ol start=\"5\">\n<li>ETHIKOS 3.0 adopta los niveles y medidas de seguridad requeridos por la normativa aplicable en materia de protecci\u00f3n de datos. No obstante, lo anterior, la seguridad t\u00e9cnica en un medio como Internet no es inexpugnable y pueden existir filtraciones por actuaciones dolosas de terceros.<\/li>\n<\/ol>\n<ol start=\"6\">\n<li>Informaci\u00f3n sobre cookies:<\/li>\n<\/ol>\n<p>ETHIKOS 3.0 podr\u00e1 utilizar cookies durante la prestaci\u00f3n del servicio del Portal. Las cookies son procedimientos autom\u00e1ticos de recogida de informaci\u00f3n relativa a las preferencias determinadas por un usuario durante su visita a una determinada p\u00e1gina web. Esta informaci\u00f3n se registra en peque\u00f1os archivos que son guardados en los equipos inform\u00e1ticos del usuario correspondiente de forma imperceptible. Cada vez que el usuario vuelve a acceder al sitio web en cuesti\u00f3n, estos archivos se activan autom\u00e1ticamente de manera que se configura el sitio web con las preferencias se\u00f1aladas en anteriores visitas. En definitiva, las cookies son ficheros f\u00edsicos de informaci\u00f3n personal alojados en el propio terminal del usuario y asociados inequ\u00edvocamente a este terminal. Las cookies no pueden leer los archivos cookie creados por otros proveedores.<\/p>\n<p>El Usuario tiene la posibilidad de configurar su programa navegador de manera que se impida la creaci\u00f3n de archivos cookie o se advierta del momento en que esto ocurre. El Portal es accesible sin necesidad de que est\u00e9n activadas las opciones referentes a los archivos cookie, si bien pueden impedir el correcto funcionamiento de mecanismos de seguridad para servicios exclusivos o determinados servicios que requieren de una mayor seguridad. Por norma general, la finalidad de los archivos cookie del Portal es la de facilitar la navegaci\u00f3n del Usuario.<\/p>\n<p>Para m\u00e1s informaci\u00f3n sobre cookies, lea nuestra <a href=\"https:\/\/www.ethikos.es\/politica-de-cookies\/\" target=\"_blank\" rel=\"noopener\">Pol\u00edtica de Cookies<\/a>.<\/p>\n<ol start=\"7\">\n<li>La presente Pol\u00edtica de Privacidad y Protecci\u00f3n de Datos podr\u00e1 variar con el tiempo debido a los posibles cambios legislativos, jurisprudenciales o de los criterios seguidos por la Agencia Espa\u00f1ola de Protecci\u00f3n de Datos y\/o la autoridad competente en cada momento. Es por ello que ETHIKOS 3.0 se reserva el derecho a modificar la presente Pol\u00edtica de Privacidad para adaptarla a novedades legislativas y\/o jurisprudenciales que se encuentran vigentes en el momento preciso en que se accede al Portal.<\/li>\n<\/ol>\n<p><strong>\u00a9 2017, ETHIKOS 3.0. Todos los derechos reservados.<\/strong><\/p>\n<\/div>\n<\/section>\n<\/div>\n<\/div>\n<p>[\/av_textblock]<\/p>\n","protected":false},"excerpt":{"rendered":"<p>[av_heading heading=&#8217;POL\u00cdTICA DE PRIVACIDAD Y PROTECI\u00d3N DE DATOS&#8217; tag=&#8217;h3&#8242; style=\u00bb size=\u00bb subheading_active=\u00bb subheading_size=&#8217;15&#8217; padding=&#8217;10&#8217; color=\u00bb custom_font=\u00bb av-medium-font-size-title=\u00bb av-small-font-size-title=\u00bb av-mini-font-size-title=\u00bb av-medium-font-size=\u00bb av-small-font-size=\u00bb av-mini-font-size=\u00bb admin_preview_bg=\u00bb][\/av_heading] [av_textblock size=\u00bb font_color=\u00bb color=\u00bb av-medium-font-size=\u00bb av-small-font-size=\u00bb av-mini-font-size=\u00bb admin_preview_bg=\u00bb] La presente Pol\u00edtica de Privacidad y Protecci\u00f3n de Datos forma parte integrante de las Condiciones de Uso de la p\u00e1gina web www.ethikos.es (en adelante [&hellip;]<\/p>\n","protected":false},"author":2,"featured_media":0,"parent":0,"menu_order":0,"comment_status":"closed","ping_status":"closed","template":"","meta":{"_exactmetrics_skip_tracking":false,"_exactmetrics_sitenote_active":false,"_exactmetrics_sitenote_note":"","_exactmetrics_sitenote_category":0,"footnotes":""},"class_list":["post-4663","page","type-page","status-publish","hentry"],"yoast_head":"<!-- This site is optimized with the Yoast SEO plugin v27.4 - https:\/\/yoast.com\/product\/yoast-seo-wordpress\/ -->\n<title>Pol\u00edtica de Privacidad y Protecci\u00f3n de Datos &#8212; Ethikos<\/title>\n<meta name=\"robots\" content=\"noindex, nofollow\" \/>\n<meta property=\"og:locale\" content=\"en_US\" \/>\n<meta property=\"og:type\" content=\"article\" \/>\n<meta property=\"og:title\" content=\"Pol\u00edtica de Privacidad y Protecci\u00f3n de Datos &#8212; Ethikos\" \/>\n<meta property=\"og:description\" content=\"[av_heading heading=&#8217;POL\u00cdTICA DE PRIVACIDAD Y PROTECI\u00d3N DE DATOS&#8217; tag=&#8217;h3&#8242; style=\u00bb size=\u00bb subheading_active=\u00bb subheading_size=&#8217;15&#8217; padding=&#8217;10&#8217; color=\u00bb custom_font=\u00bb av-medium-font-size-title=\u00bb av-small-font-size-title=\u00bb av-mini-font-size-title=\u00bb av-medium-font-size=\u00bb av-small-font-size=\u00bb av-mini-font-size=\u00bb admin_preview_bg=\u00bb][\/av_heading] [av_textblock size=\u00bb font_color=\u00bb color=\u00bb av-medium-font-size=\u00bb av-small-font-size=\u00bb av-mini-font-size=\u00bb admin_preview_bg=\u00bb] La presente Pol\u00edtica de Privacidad y Protecci\u00f3n de Datos forma parte integrante de las Condiciones de Uso de la p\u00e1gina web www.ethikos.es (en adelante [&hellip;]\" \/>\n<meta property=\"og:url\" content=\"https:\/\/www.ethikos.es\/en\/politica-de-privacidad-y-proteccion-de-datos\/\" \/>\n<meta property=\"og:site_name\" content=\"Ethikos\" \/>\n<meta property=\"article:publisher\" content=\"http:\/\/www.facebook.com\/ethikos.es\/\" \/>\n<meta property=\"article:modified_time\" content=\"2023-07-09T18:32:42+00:00\" \/>\n<meta property=\"og:image\" content=\"https:\/\/www.ethikos.es\/wp-content\/uploads\/2026\/03\/ethikos_og_brand_1200x675-1.png\" \/>\n\t<meta property=\"og:image:width\" content=\"1200\" \/>\n\t<meta property=\"og:image:height\" content=\"675\" \/>\n\t<meta property=\"og:image:type\" content=\"image\/png\" \/>\n<meta name=\"twitter:card\" content=\"summary_large_image\" \/>\n<meta name=\"twitter:site\" content=\"@Ethikos30\" \/>\n<meta name=\"twitter:label1\" content=\"Est. reading time\" \/>\n\t<meta name=\"twitter:data1\" content=\"4 minutes\" \/>\n<script type=\"application\/ld+json\" class=\"yoast-schema-graph\">{\"@context\":\"https:\\\/\\\/schema.org\",\"@graph\":[{\"@type\":\"WebPage\",\"@id\":\"https:\\\/\\\/www.ethikos.es\\\/en\\\/politica-de-privacidad-y-proteccion-de-datos\\\/\",\"url\":\"https:\\\/\\\/www.ethikos.es\\\/en\\\/politica-de-privacidad-y-proteccion-de-datos\\\/\",\"name\":\"Pol\u00edtica de Privacidad y Protecci\u00f3n de Datos &#8212; Ethikos\",\"isPartOf\":{\"@id\":\"https:\\\/\\\/www.ethikos.es\\\/en\\\/#website\"},\"datePublished\":\"2018-05-24T19:33:25+00:00\",\"dateModified\":\"2023-07-09T18:32:42+00:00\",\"breadcrumb\":{\"@id\":\"https:\\\/\\\/www.ethikos.es\\\/en\\\/politica-de-privacidad-y-proteccion-de-datos\\\/#breadcrumb\"},\"inLanguage\":\"en-US\",\"potentialAction\":[{\"@type\":\"ReadAction\",\"target\":[\"https:\\\/\\\/www.ethikos.es\\\/en\\\/politica-de-privacidad-y-proteccion-de-datos\\\/\"]}]},{\"@type\":\"BreadcrumbList\",\"@id\":\"https:\\\/\\\/www.ethikos.es\\\/en\\\/politica-de-privacidad-y-proteccion-de-datos\\\/#breadcrumb\",\"itemListElement\":[{\"@type\":\"ListItem\",\"position\":1,\"name\":\"Portada\",\"item\":\"https:\\\/\\\/www.ethikos.es\\\/\"},{\"@type\":\"ListItem\",\"position\":2,\"name\":\"Pol\u00edtica de Privacidad y Protecci\u00f3n de Datos\"}]},{\"@type\":\"WebSite\",\"@id\":\"https:\\\/\\\/www.ethikos.es\\\/en\\\/#website\",\"url\":\"https:\\\/\\\/www.ethikos.es\\\/en\\\/\",\"name\":\"Ethikos 3.0\",\"description\":\"Ethikos es una consultora de transformaci\u00f3n organizacional especializada en cultura empresarial, liderazgo consciente y selecci\u00f3n por valores.\",\"publisher\":{\"@id\":\"https:\\\/\\\/www.ethikos.es\\\/en\\\/#organization\"},\"alternateName\":\"Ethikos Consultor\u00eda\",\"potentialAction\":[{\"@type\":\"SearchAction\",\"target\":{\"@type\":\"EntryPoint\",\"urlTemplate\":\"https:\\\/\\\/www.ethikos.es\\\/en\\\/?s={search_term_string}\"},\"query-input\":{\"@type\":\"PropertyValueSpecification\",\"valueRequired\":true,\"valueName\":\"search_term_string\"}}],\"inLanguage\":\"en-US\"},{\"@type\":\"Organization\",\"@id\":\"https:\\\/\\\/www.ethikos.es\\\/en\\\/#organization\",\"name\":\"Ethikos 3.0\",\"url\":\"https:\\\/\\\/www.ethikos.es\\\/en\\\/\",\"logo\":{\"@type\":\"ImageObject\",\"inLanguage\":\"en-US\",\"@id\":\"https:\\\/\\\/www.ethikos.es\\\/en\\\/#\\\/schema\\\/logo\\\/image\\\/\",\"url\":\"https:\\\/\\\/www.ethikos.es\\\/wp-content\\\/uploads\\\/2019\\\/01\\\/43606559961_5f343a820a_o.png\",\"contentUrl\":\"https:\\\/\\\/www.ethikos.es\\\/wp-content\\\/uploads\\\/2019\\\/01\\\/43606559961_5f343a820a_o.png\",\"width\":646,\"height\":218,\"caption\":\"Ethikos 3.0\"},\"image\":{\"@id\":\"https:\\\/\\\/www.ethikos.es\\\/en\\\/#\\\/schema\\\/logo\\\/image\\\/\"},\"sameAs\":[\"http:\\\/\\\/www.facebook.com\\\/ethikos.es\\\/\",\"https:\\\/\\\/x.com\\\/Ethikos30\",\"https:\\\/\\\/www.instagram.com\\\/ethikos_3.0\\\/\",\"https:\\\/\\\/www.linkedin.com\\\/company\\\/ethikos-3-0\\\/\"]}]}<\/script>\n<!-- \/ Yoast SEO plugin. -->","yoast_head_json":{"title":"Pol\u00edtica de Privacidad y Protecci\u00f3n de Datos &#8212; Ethikos","robots":{"index":"noindex","follow":"nofollow"},"og_locale":"en_US","og_type":"article","og_title":"Pol\u00edtica de Privacidad y Protecci\u00f3n de Datos &#8212; Ethikos","og_description":"[av_heading heading=&#8217;POL\u00cdTICA DE PRIVACIDAD Y PROTECI\u00d3N DE DATOS&#8217; tag=&#8217;h3&#8242; style=\u00bb size=\u00bb subheading_active=\u00bb subheading_size=&#8217;15&#8217; padding=&#8217;10&#8217; color=\u00bb custom_font=\u00bb av-medium-font-size-title=\u00bb av-small-font-size-title=\u00bb av-mini-font-size-title=\u00bb av-medium-font-size=\u00bb av-small-font-size=\u00bb av-mini-font-size=\u00bb admin_preview_bg=\u00bb][\/av_heading] [av_textblock size=\u00bb font_color=\u00bb color=\u00bb av-medium-font-size=\u00bb av-small-font-size=\u00bb av-mini-font-size=\u00bb admin_preview_bg=\u00bb] La presente Pol\u00edtica de Privacidad y Protecci\u00f3n de Datos forma parte integrante de las Condiciones de Uso de la p\u00e1gina web www.ethikos.es (en adelante [&hellip;]","og_url":"https:\/\/www.ethikos.es\/en\/politica-de-privacidad-y-proteccion-de-datos\/","og_site_name":"Ethikos","article_publisher":"http:\/\/www.facebook.com\/ethikos.es\/","article_modified_time":"2023-07-09T18:32:42+00:00","og_image":[{"width":1200,"height":675,"url":"https:\/\/www.ethikos.es\/wp-content\/uploads\/2026\/03\/ethikos_og_brand_1200x675-1.png","type":"image\/png"}],"twitter_card":"summary_large_image","twitter_site":"@Ethikos30","twitter_misc":{"Est. reading time":"4 minutes"},"schema":{"@context":"https:\/\/schema.org","@graph":[{"@type":"WebPage","@id":"https:\/\/www.ethikos.es\/en\/politica-de-privacidad-y-proteccion-de-datos\/","url":"https:\/\/www.ethikos.es\/en\/politica-de-privacidad-y-proteccion-de-datos\/","name":"Pol\u00edtica de Privacidad y Protecci\u00f3n de Datos &#8212; Ethikos","isPartOf":{"@id":"https:\/\/www.ethikos.es\/en\/#website"},"datePublished":"2018-05-24T19:33:25+00:00","dateModified":"2023-07-09T18:32:42+00:00","breadcrumb":{"@id":"https:\/\/www.ethikos.es\/en\/politica-de-privacidad-y-proteccion-de-datos\/#breadcrumb"},"inLanguage":"en-US","potentialAction":[{"@type":"ReadAction","target":["https:\/\/www.ethikos.es\/en\/politica-de-privacidad-y-proteccion-de-datos\/"]}]},{"@type":"BreadcrumbList","@id":"https:\/\/www.ethikos.es\/en\/politica-de-privacidad-y-proteccion-de-datos\/#breadcrumb","itemListElement":[{"@type":"ListItem","position":1,"name":"Portada","item":"https:\/\/www.ethikos.es\/"},{"@type":"ListItem","position":2,"name":"Pol\u00edtica de Privacidad y Protecci\u00f3n de Datos"}]},{"@type":"WebSite","@id":"https:\/\/www.ethikos.es\/en\/#website","url":"https:\/\/www.ethikos.es\/en\/","name":"Ethikos 3.0","description":"Ethikos es una consultora de transformaci\u00f3n organizacional especializada en cultura empresarial, liderazgo consciente y selecci\u00f3n por valores.","publisher":{"@id":"https:\/\/www.ethikos.es\/en\/#organization"},"alternateName":"Ethikos Consultor\u00eda","potentialAction":[{"@type":"SearchAction","target":{"@type":"EntryPoint","urlTemplate":"https:\/\/www.ethikos.es\/en\/?s={search_term_string}"},"query-input":{"@type":"PropertyValueSpecification","valueRequired":true,"valueName":"search_term_string"}}],"inLanguage":"en-US"},{"@type":"Organization","@id":"https:\/\/www.ethikos.es\/en\/#organization","name":"Ethikos 3.0","url":"https:\/\/www.ethikos.es\/en\/","logo":{"@type":"ImageObject","inLanguage":"en-US","@id":"https:\/\/www.ethikos.es\/en\/#\/schema\/logo\/image\/","url":"https:\/\/www.ethikos.es\/wp-content\/uploads\/2019\/01\/43606559961_5f343a820a_o.png","contentUrl":"https:\/\/www.ethikos.es\/wp-content\/uploads\/2019\/01\/43606559961_5f343a820a_o.png","width":646,"height":218,"caption":"Ethikos 3.0"},"image":{"@id":"https:\/\/www.ethikos.es\/en\/#\/schema\/logo\/image\/"},"sameAs":["http:\/\/www.facebook.com\/ethikos.es\/","https:\/\/x.com\/Ethikos30","https:\/\/www.instagram.com\/ethikos_3.0\/","https:\/\/www.linkedin.com\/company\/ethikos-3-0\/"]}]}},"_links":{"self":[{"href":"https:\/\/www.ethikos.es\/en\/wp-json\/wp\/v2\/pages\/4663","targetHints":{"allow":["GET"]}}],"collection":[{"href":"https:\/\/www.ethikos.es\/en\/wp-json\/wp\/v2\/pages"}],"about":[{"href":"https:\/\/www.ethikos.es\/en\/wp-json\/wp\/v2\/types\/page"}],"author":[{"embeddable":true,"href":"https:\/\/www.ethikos.es\/en\/wp-json\/wp\/v2\/users\/2"}],"replies":[{"embeddable":true,"href":"https:\/\/www.ethikos.es\/en\/wp-json\/wp\/v2\/comments?post=4663"}],"version-history":[{"count":0,"href":"https:\/\/www.ethikos.es\/en\/wp-json\/wp\/v2\/pages\/4663\/revisions"}],"wp:attachment":[{"href":"https:\/\/www.ethikos.es\/en\/wp-json\/wp\/v2\/media?parent=4663"}],"curies":[{"name":"wp","href":"https:\/\/api.w.org\/{rel}","templated":true}]}}